{"id":999956256,"date":"2021-06-08T10:27:25","date_gmt":"2021-06-08T10:27:25","guid":{"rendered":"https:\/\/paksoyelektrik.com.tr\/product\/323003\/"},"modified":"2021-06-08T10:27:25","modified_gmt":"2021-06-08T10:27:25","slug":"323003","status":"publish","type":"product","link":"https:\/\/paksoyelektrik.com.tr\/?product=323003","title":{"rendered":"323003"},"content":{"rendered":"<p>Blok da\u011f\u0131t\u0131m mod\u00fcl\u00fc.<\/p>\n","protected":false},"excerpt":{"rendered":"<p>Blok da\u011f\u0131t\u0131m mod\u00fcl\u00fc.<\/p>\n","protected":false},"featured_media":999956208,"template":"","meta":[],"_links":{"self":[{"href":"https:\/\/paksoyelektrik.com.tr\/index.php?rest_route=\/wp\/v2\/product\/999956256"}],"collection":[{"href":"https:\/\/paksoyelektrik.com.tr\/index.php?rest_route=\/wp\/v2\/product"}],"about":[{"href":"https:\/\/paksoyelektrik.com.tr\/index.php?rest_route=\/wp\/v2\/types\/product"}],"wp:featuredmedia":[{"embeddable":true,"href":"https:\/\/paksoyelektrik.com.tr\/index.php?rest_route=\/wp\/v2\/media\/999956208"}],"wp:attachment":[{"href":"https:\/\/paksoyelektrik.com.tr\/index.php?rest_route=%2Fwp%2Fv2%2Fmedia&parent=999956256"}],"curies":[{"name":"wp","href":"https:\/\/api.w.org\/{rel}","templated":true}]}}