{"id":999956254,"date":"2021-06-08T10:27:25","date_gmt":"2021-06-08T10:27:25","guid":{"rendered":"https:\/\/paksoyelektrik.com.tr\/product\/322050\/"},"modified":"2021-06-08T10:27:25","modified_gmt":"2021-06-08T10:27:25","slug":"322050","status":"publish","type":"product","link":"https:\/\/paksoyelektrik.com.tr\/?product=322050","title":{"rendered":"322050"},"content":{"rendered":"<p>7 in\u00e7 yar\u0131 dokunmatik ekranl\u0131 eller serbest dahili \u00fcnite. SOS fonksiyonu, kap\u0131 kilidi a\u00e7ma ve g\u00fcvenlik konsoluyla direk ileti\u015fime ge\u00e7me fonksiyonuna sahiptir. Daireler aras\u0131 g\u00f6r\u00fc\u015fme yapabilir. 6 farkl\u0131 zil sesi ve alarm fonksiyonlar\u0131 mevcuttur.<\/p>\n","protected":false},"excerpt":{"rendered":"<p>7 in\u00e7 yar\u0131 dokunmatik ekranl\u0131 eller serbest dahili \u00fcnite. <\/p>\n","protected":false},"featured_media":999956206,"template":"","meta":[],"_links":{"self":[{"href":"https:\/\/paksoyelektrik.com.tr\/index.php?rest_route=\/wp\/v2\/product\/999956254"}],"collection":[{"href":"https:\/\/paksoyelektrik.com.tr\/index.php?rest_route=\/wp\/v2\/product"}],"about":[{"href":"https:\/\/paksoyelektrik.com.tr\/index.php?rest_route=\/wp\/v2\/types\/product"}],"wp:featuredmedia":[{"embeddable":true,"href":"https:\/\/paksoyelektrik.com.tr\/index.php?rest_route=\/wp\/v2\/media\/999956206"}],"wp:attachment":[{"href":"https:\/\/paksoyelektrik.com.tr\/index.php?rest_route=%2Fwp%2Fv2%2Fmedia&parent=999956254"}],"curies":[{"name":"wp","href":"https:\/\/api.w.org\/{rel}","templated":true}]}}