{"id":999956243,"date":"2021-06-08T10:27:21","date_gmt":"2021-06-08T10:27:21","guid":{"rendered":"https:\/\/paksoyelektrik.com.tr\/product\/321060\/"},"modified":"2021-06-08T10:27:21","modified_gmt":"2021-06-08T10:27:21","slug":"321060","status":"publish","type":"product","link":"https:\/\/paksoyelektrik.com.tr\/?product=321060","title":{"rendered":"321060"},"content":{"rendered":"<p>3.5 in\u00e7 renkli LED ekrana sahip eller serbest dahili \u00fcnite. Zil panelinden g\u00f6r\u00fcnt\u00fc alma, kap\u0131 kilidi a\u00e7ma ve g\u00fcvenlik konsoluyla direk ileti\u015fime ge\u00e7me fonksiyonuna sahiptir. 12 farkl\u0131 zil sesi bulunmaktad\u0131r.<\/p>\n","protected":false},"excerpt":{"rendered":"<p>3.5 in\u00e7 renkli LED ekrana sahip eller serbest dahili \u00fcnite.<\/p>\n","protected":false},"featured_media":999956195,"template":"","meta":[],"_links":{"self":[{"href":"https:\/\/paksoyelektrik.com.tr\/index.php?rest_route=\/wp\/v2\/product\/999956243"}],"collection":[{"href":"https:\/\/paksoyelektrik.com.tr\/index.php?rest_route=\/wp\/v2\/product"}],"about":[{"href":"https:\/\/paksoyelektrik.com.tr\/index.php?rest_route=\/wp\/v2\/types\/product"}],"wp:featuredmedia":[{"embeddable":true,"href":"https:\/\/paksoyelektrik.com.tr\/index.php?rest_route=\/wp\/v2\/media\/999956195"}],"wp:attachment":[{"href":"https:\/\/paksoyelektrik.com.tr\/index.php?rest_route=%2Fwp%2Fv2%2Fmedia&parent=999956243"}],"curies":[{"name":"wp","href":"https:\/\/api.w.org\/{rel}","templated":true}]}}