{"id":999956242,"date":"2021-06-08T10:27:21","date_gmt":"2021-06-08T10:27:21","guid":{"rendered":"https:\/\/paksoyelektrik.com.tr\/product\/321011\/"},"modified":"2021-06-08T10:27:21","modified_gmt":"2021-06-08T10:27:21","slug":"321011","status":"publish","type":"product","link":"https:\/\/paksoyelektrik.com.tr\/?product=321011","title":{"rendered":"321011"},"content":{"rendered":"<p>3.5 in\u00e7 LED ekranl\u0131 eller serbest renkli dahili \u00fcnite. SOS fonksiyonu, kap\u0131 kilidi a\u00e7ma ve g\u00fcvenlik konsoluyla direk ileti\u015fime ge\u00e7me fonksiyonuna sahiptir. Daireler aras\u0131 g\u00f6r\u00fc\u015fme yapabilir. 12 farkl\u0131 zil sesi ve alarm fonksiyonlar\u0131 mevcuttur.<\/p>\n","protected":false},"excerpt":{"rendered":"<p>3.5 in\u00e7 LED ekranl\u0131 eller serbest renkli dahili \u00fcnite.<\/p>\n","protected":false},"featured_media":999956194,"template":"","meta":[],"_links":{"self":[{"href":"https:\/\/paksoyelektrik.com.tr\/index.php?rest_route=\/wp\/v2\/product\/999956242"}],"collection":[{"href":"https:\/\/paksoyelektrik.com.tr\/index.php?rest_route=\/wp\/v2\/product"}],"about":[{"href":"https:\/\/paksoyelektrik.com.tr\/index.php?rest_route=\/wp\/v2\/types\/product"}],"wp:featuredmedia":[{"embeddable":true,"href":"https:\/\/paksoyelektrik.com.tr\/index.php?rest_route=\/wp\/v2\/media\/999956194"}],"wp:attachment":[{"href":"https:\/\/paksoyelektrik.com.tr\/index.php?rest_route=%2Fwp%2Fv2%2Fmedia&parent=999956242"}],"curies":[{"name":"wp","href":"https:\/\/api.w.org\/{rel}","templated":true}]}}