{"id":999956233,"date":"2021-06-08T10:27:19","date_gmt":"2021-06-08T10:27:19","guid":{"rendered":"https:\/\/paksoyelektrik.com.tr\/product\/323013\/"},"modified":"2021-06-08T10:27:19","modified_gmt":"2021-06-08T10:27:19","slug":"323013","status":"publish","type":"product","link":"https:\/\/paksoyelektrik.com.tr\/?product=323013","title":{"rendered":"323013"},"content":{"rendered":"<p>Alan da\u011f\u0131t\u0131c\u0131.<\/p>\n","protected":false},"excerpt":{"rendered":"<p>Alan da\u011f\u0131t\u0131c\u0131.<\/p>\n","protected":false},"featured_media":999956218,"template":"","meta":[],"_links":{"self":[{"href":"https:\/\/paksoyelektrik.com.tr\/index.php?rest_route=\/wp\/v2\/product\/999956233"}],"collection":[{"href":"https:\/\/paksoyelektrik.com.tr\/index.php?rest_route=\/wp\/v2\/product"}],"about":[{"href":"https:\/\/paksoyelektrik.com.tr\/index.php?rest_route=\/wp\/v2\/types\/product"}],"wp:featuredmedia":[{"embeddable":true,"href":"https:\/\/paksoyelektrik.com.tr\/index.php?rest_route=\/wp\/v2\/media\/999956218"}],"wp:attachment":[{"href":"https:\/\/paksoyelektrik.com.tr\/index.php?rest_route=%2Fwp%2Fv2%2Fmedia&parent=999956233"}],"curies":[{"name":"wp","href":"https:\/\/api.w.org\/{rel}","templated":true}]}}