{"id":999956230,"date":"2021-06-08T10:27:19","date_gmt":"2021-06-08T10:27:19","guid":{"rendered":"https:\/\/paksoyelektrik.com.tr\/product\/323010\/"},"modified":"2021-06-08T10:27:19","modified_gmt":"2021-06-08T10:27:19","slug":"323010","status":"publish","type":"product","link":"https:\/\/paksoyelektrik.com.tr\/?product=323010","title":{"rendered":"323010"},"content":{"rendered":"<p>Ek g\u00fc\u00e7 kayna\u011f\u0131.<\/p>\n","protected":false},"excerpt":{"rendered":"<p>Ek g\u00fc\u00e7 kayna\u011f\u0131.<\/p>\n","protected":false},"featured_media":999956215,"template":"","meta":[],"_links":{"self":[{"href":"https:\/\/paksoyelektrik.com.tr\/index.php?rest_route=\/wp\/v2\/product\/999956230"}],"collection":[{"href":"https:\/\/paksoyelektrik.com.tr\/index.php?rest_route=\/wp\/v2\/product"}],"about":[{"href":"https:\/\/paksoyelektrik.com.tr\/index.php?rest_route=\/wp\/v2\/types\/product"}],"wp:featuredmedia":[{"embeddable":true,"href":"https:\/\/paksoyelektrik.com.tr\/index.php?rest_route=\/wp\/v2\/media\/999956215"}],"wp:attachment":[{"href":"https:\/\/paksoyelektrik.com.tr\/index.php?rest_route=%2Fwp%2Fv2%2Fmedia&parent=999956230"}],"curies":[{"name":"wp","href":"https:\/\/api.w.org\/{rel}","templated":true}]}}