{"id":999956228,"date":"2021-06-08T10:27:18","date_gmt":"2021-06-08T10:27:18","guid":{"rendered":"https:\/\/paksoyelektrik.com.tr\/?post_type=product&#038;p=999956228"},"modified":"2021-06-08T10:27:18","modified_gmt":"2021-06-08T10:27:18","slug":"322052","status":"publish","type":"product","link":"https:\/\/paksoyelektrik.com.tr\/?product=322052","title":{"rendered":"322052"},"content":{"rendered":"<p>(16\/9) format\u0131nda 7 in\u00e7 LED ekranl\u0131 eller serbest renkli dahili \u00fcnite. SOS fonksiyonu, kap\u0131 kilidi a\u00e7ma ve g\u00fcvenlik konsoluyla direk ileti\u015fime ge\u00e7me fonksiyonuna sahiptir.<\/p>\n","protected":false},"excerpt":{"rendered":"<p>(16\/9) format\u0131nda 7 in\u00e7 LED ekranl\u0131 eller serbest renkli dahili \u00fcnite.<\/p>\n","protected":false},"featured_media":999956192,"template":"","meta":[],"_links":{"self":[{"href":"https:\/\/paksoyelektrik.com.tr\/index.php?rest_route=\/wp\/v2\/product\/999956228"}],"collection":[{"href":"https:\/\/paksoyelektrik.com.tr\/index.php?rest_route=\/wp\/v2\/product"}],"about":[{"href":"https:\/\/paksoyelektrik.com.tr\/index.php?rest_route=\/wp\/v2\/types\/product"}],"wp:featuredmedia":[{"embeddable":true,"href":"https:\/\/paksoyelektrik.com.tr\/index.php?rest_route=\/wp\/v2\/media\/999956192"}],"wp:attachment":[{"href":"https:\/\/paksoyelektrik.com.tr\/index.php?rest_route=%2Fwp%2Fv2%2Fmedia&parent=999956228"}],"curies":[{"name":"wp","href":"https:\/\/api.w.org\/{rel}","templated":true}]}}