{"id":336,"date":"2018-01-26T15:39:18","date_gmt":"2018-01-26T15:39:18","guid":{"rendered":"http:\/\/localhost\/signflow\/?page_id=336"},"modified":"2021-09-07T13:01:03","modified_gmt":"2021-09-07T13:01:03","slug":"about-us-three","status":"publish","type":"page","link":"https:\/\/paksoyelektrik.com.tr\/?page_id=336","title":{"rendered":"Hakk\u0131m\u0131zda"},"content":{"rendered":"<p>{&#8220;main-title&#8221;:{&#8220;component&#8221;:&#8221;hc_title&#8221;,&#8221;id&#8221;:&#8221;main-title&#8221;,&#8221;title&#8221;:&#8221;About us three&#8221;,&#8221;subtitle&#8221;:&#8221;&#8221;,&#8221;title_content&#8221;:{&#8220;component&#8221;:&#8221;hc_title_video&#8221;,&#8221;id&#8221;:&#8221;title-video&#8221;,&#8221;video&#8221;:&#8221;http:\/\/paksoyelektrik.com.tr\/wp-content\/uploads\/2021\/05\/ledler.mp4&#8243;,&#8221;image&#8221;:&#8221;http:\/\/themes.framework-y.com\/demo-import\/signflow\/2018\/01\/video-poster-1024&#215;573.jpg|939|1679|42&#8243;,&#8221;full_screen&#8221;:false,&#8221;full_screen_height&#8221;:&#8221;&#8221;,&#8221;parallax&#8221;:false,&#8221;overlay&#8221;:&#8221;&#8221;,&#8221;breadcrumbs&#8221;:false,&#8221;white&#8221;:true}},&#8221;section_5ZtkF&#8221;:{&#8220;component&#8221;:&#8221;hc_section&#8221;,&#8221;id&#8221;:&#8221;section_5ZtkF&#8221;,&#8221;section_width&#8221;:&#8221;&#8221;,&#8221;animation&#8221;:&#8221;&#8221;,&#8221;animation_time&#8221;:&#8221;&#8221;,&#8221;timeline_animation&#8221;:&#8221;&#8221;,&#8221;timeline_delay&#8221;:&#8221;&#8221;,&#8221;timeline_order&#8221;:&#8221;&#8221;,&#8221;vertical_row&#8221;:&#8221;&#8221;,&#8221;box_middle&#8221;:&#8221;&#8221;,&#8221;css_classes&#8221;:&#8221;&#8221;,&#8221;custom_css_classes&#8221;:&#8221;&#8221;,&#8221;custom_css_styles&#8221;:&#8221;&#8221;,&#8221;section_content&#8221;:[{&#8220;component&#8221;:&#8221;hc_column&#8221;,&#8221;id&#8221;:&#8221;column_Rcv6g&#8221;,&#8221;column_width&#8221;:&#8221;col-md-6&#8243;,&#8221;animation&#8221;:&#8221;&#8221;,&#8221;animation_time&#8221;:&#8221;&#8221;,&#8221;timeline_animation&#8221;:&#8221;&#8221;,&#8221;timeline_delay&#8221;:&#8221;&#8221;,&#8221;timeline_order&#8221;:&#8221;&#8221;,&#8221;css_classes&#8221;:&#8221;&#8221;,&#8221;custom_css_classes&#8221;:&#8221;&#8221;,&#8221;custom_css_styles&#8221;:&#8221;&#8221;,&#8221;main_content&#8221;:[{&#8220;component&#8221;:&#8221;hc_text_block&#8221;,&#8221;id&#8221;:&#8221;MBJa9&#8243;,&#8221;css_classes&#8221;:&#8221;&#8221;,&#8221;custom_css_classes&#8221;:&#8221;&#8221;,&#8221;custom_css_styles&#8221;:&#8221;&#8221;,&#8221;content&#8221;:&#8221;Firmam\u0131z 1995 y\u0131l\u0131nda Bursa\u2019da kurulmu\u015ftur. Kuruldu\u011fumuz g\u00fcnden bu g\u00fcne Bursa\u2019n\u0131n yan\u0131 s\u0131ra T\u00fcrkiye\u2019nin de bir \u00e7ok \u015fehrinde siz de\u011ferli m\u00fc\u015fterilerimize en iyi hizmeti sunmak 25 senedir ilk hedefimiz olmu\u015ftur. Yenilik\u00e7i, ayn\u0131 zamanda tecr\u00fcbeli kadromuz ile kaba i\u015f\u00e7ili\u011fin yan\u0131 s\u0131ra \u00e7a\u011f\u0131m\u0131z\u0131n son teknoloji \u00fcr\u00fcnlerini de en h\u0131zl\u0131 \u015fekilde hizmetinize sunmak i\u00e7in elimizden geleni yap\u0131yoruz.\\nTesisat ve Taahh\u00fct alan\u0131ndaki tecr\u00fcbelerimizi, Legrand Bticino D45 G\u00f6r\u00fcnt\u00fcl\u00fc Diyafon Sistemleri ile birle\u015ftirdik ve 7 y\u0131l\u0131 a\u015fk\u0131n s\u00fcredir Bticino markas\u0131n\u0131n yetkili servisli\u011fini yapmaktay\u0131z. Sizlerden gelen talepler ve bizim s\u00fcrekli kendimizi geli\u015ftirme arzumuz sebebiyle 2019 y\u0131l\u0131ndan itibaren Legrand Bticino Ak\u0131ll\u0131 Ev Sistemleri ile ilgili e\u011fitimleri alm\u0131\u015f olup 2020 y\u0131l\u0131 itibariyle de t\u00fcm ar\u0131za ve sorunlar\u0131n\u0131zda sizlere gerekli deste\u011fi sunmak i\u00e7in sab\u0131rs\u0131zlanmaktay\u0131z\u2026&#8221;}]},{&#8220;component&#8221;:&#8221;hc_column&#8221;,&#8221;id&#8221;:&#8221;column_VhXcH&#8221;,&#8221;column_width&#8221;:&#8221;col-md-6&#8243;,&#8221;animation&#8221;:&#8221;&#8221;,&#8221;animation_time&#8221;:&#8221;&#8221;,&#8221;timeline_animation&#8221;:&#8221;&#8221;,&#8221;timeline_delay&#8221;:&#8221;&#8221;,&#8221;timeline_order&#8221;:&#8221;&#8221;,&#8221;css_classes&#8221;:&#8221;text-xs &#8220;,&#8221;custom_css_classes&#8221;:&#8221;&#8221;,&#8221;custom_css_styles&#8221;:&#8221;&#8221;,&#8221;main_content&#8221;:[{&#8220;component&#8221;:&#8221;hc_icon_box&#8221;,&#8221;id&#8221;:&#8221;t0LVD&#8221;,&#8221;css_classes&#8221;:&#8221;&#8221;,&#8221;custom_css_classes&#8221;:&#8221;&#8221;,&#8221;custom_css_styles&#8221;:&#8221;&#8221;,&#8221;icon&#8221;:&#8221;&#8221;,&#8221;icon_style&#8221;:&#8221;square_image&#8221;,&#8221;icon_image&#8221;:&#8221;http:\/\/paksoyelektrik.com.tr\/wp-content\/uploads\/2021\/05\/bs.jpg|461|737|999956146&#8243;,&#8221;icon_position&#8221;:&#8221;left&#8221;,&#8221;icon_size&#8221;:&#8221;text-m&#8221;,&#8221;title_size&#8221;:&#8221;-&#8220;,&#8221;text_size&#8221;:&#8221;-&#8220;,&#8221;title&#8221;:&#8221;M\u0130SYONUMUZ&#8221;,&#8221;subtitle&#8221;:&#8221;De\u011fi\u015fen d\u00fcnya \u015fartlar\u0131nda \u00e7al\u0131\u015fanlar\u0131m\u0131z\u0131n ve m\u00fc\u015fterilerimizin memnuniyetini en \u00fcst seviyede tutarak, Avrupa standartlar\u0131nda g\u00fcvenilir ve kaliteli bir hizmet anlay\u0131\u015f\u0131 ile faaliyet g\u00f6stermekteyiz.&#8221;},{&#8220;component&#8221;:&#8221;hc_icon_box&#8221;,&#8221;id&#8221;:&#8221;Ym4X4&#8243;,&#8221;css_classes&#8221;:&#8221;&#8221;,&#8221;custom_css_classes&#8221;:&#8221;&#8221;,&#8221;custom_css_styles&#8221;:&#8221;&#8221;,&#8221;icon&#8221;:&#8221;&#8221;,&#8221;icon_style&#8221;:&#8221;square_image&#8221;,&#8221;icon_image&#8221;:&#8221;http:\/\/paksoyelektrik.com.tr\/wp-content\/uploads\/2021\/05\/bs2.jpg|461|737|999956158&#8243;,&#8221;icon_position&#8221;:&#8221;right&#8221;,&#8221;icon_size&#8221;:&#8221;text-m&#8221;,&#8221;title_size&#8221;:&#8221;-&#8220;,&#8221;text_size&#8221;:&#8221;-&#8220;,&#8221;title&#8221;:&#8221;V\u0130ZYONUMUZ&#8221;,&#8221;subtitle&#8221;:&#8221;\u00c7a\u011f\u0131n gerekliliklerine uygun insan sa\u011fl\u0131\u011f\u0131 ve \u00e7evre fakt\u00f6rleri g\u00f6zetilerek m\u00fc\u015fterilerimize en uygun ve kaliteli hizmeti vererek, ara\u015ft\u0131rmac\u0131 ve yenilik\u00e7i anlay\u0131\u015fla s\u00fcrekli geli\u015fen \u00f6nder ve \u00f6rnek bir kurulu\u015f olmak.&#8221;},{&#8220;component&#8221;:&#8221;hc_icon_box&#8221;,&#8221;id&#8221;:&#8221;LmB4e&#8221;,&#8221;css_classes&#8221;:&#8221;&#8221;,&#8221;custom_css_classes&#8221;:&#8221;&#8221;,&#8221;custom_css_styles&#8221;:&#8221;&#8221;,&#8221;icon&#8221;:&#8221;&#8221;,&#8221;icon_style&#8221;:&#8221;square_image&#8221;,&#8221;icon_image&#8221;:&#8221;http:\/\/paksoyelektrik.com.tr\/wp-content\/uploads\/2021\/05\/bs3.jpg|461|737|999956161&#8243;,&#8221;icon_position&#8221;:&#8221;left&#8221;,&#8221;icon_size&#8221;:&#8221;text-m&#8221;,&#8221;title_size&#8221;:&#8221;-&#8220;,&#8221;text_size&#8221;:&#8221;-&#8220;,&#8221;title&#8221;:&#8221;HEDEFLER\u0130M\u0130Z&#8221;,&#8221;subtitle&#8221;:&#8221;Geli\u015fen teknolojileri takip ederek optimum \u00e7\u00f6z\u00fcmleri bulmak. Rekabet ortam\u0131nda s\u00fcrekli geli\u015fme ve iyile\u015fmeye a\u00e7\u0131k olmak. Mesleki e\u011fitim ve i\u015f g\u00fcvenli\u011fi e\u011fitimleriyle i\u015f g\u00fcc\u00fc etkinli\u011fimizi artt\u0131rmak.&#8221;}]},{&#8220;component&#8221;:&#8221;hc_column&#8221;,&#8221;id&#8221;:&#8221;column_t0nPy&#8221;,&#8221;column_width&#8221;:&#8221;col-md-12&#8243;,&#8221;animation&#8221;:&#8221;&#8221;,&#8221;animation_time&#8221;:&#8221;&#8221;,&#8221;timeline_animation&#8221;:&#8221;&#8221;,&#8221;timeline_delay&#8221;:&#8221;&#8221;,&#8221;timeline_order&#8221;:&#8221;&#8221;,&#8221;css_classes&#8221;:&#8221;&#8221;,&#8221;custom_css_classes&#8221;:&#8221;&#8221;,&#8221;custom_css_styles&#8221;:&#8221;&#8221;,&#8221;main_content&#8221;:[{&#8220;component&#8221;:&#8221;hc_space&#8221;,&#8221;id&#8221;:&#8221;ALaXA&#8221;,&#8221;css_classes&#8221;:&#8221;&#8221;,&#8221;custom_css_classes&#8221;:&#8221;&#8221;,&#8221;custom_css_styles&#8221;:&#8221;&#8221;,&#8221;size&#8221;:&#8221;&#8221;,&#8221;height&#8221;:&#8221;&#8221;}]},{&#8220;component&#8221;:&#8221;hc_column&#8221;,&#8221;id&#8221;:&#8221;column_K2WVe&#8221;,&#8221;column_width&#8221;:&#8221;col-md-8&#8243;,&#8221;animation&#8221;:&#8221;&#8221;,&#8221;animation_time&#8221;:&#8221;&#8221;,&#8221;timeline_animation&#8221;:&#8221;&#8221;,&#8221;timeline_delay&#8221;:&#8221;&#8221;,&#8221;timeline_order&#8221;:&#8221;&#8221;,&#8221;css_classes&#8221;:&#8221;&#8221;,&#8221;custom_css_classes&#8221;:&#8221;&#8221;,&#8221;custom_css_styles&#8221;:&#8221;&#8221;,&#8221;main_content&#8221;:[{&#8220;component&#8221;:&#8221;hc_timeline&#8221;,&#8221;id&#8221;:&#8221;vLEjK&#8221;,&#8221;css_classes&#8221;:&#8221;&#8221;,&#8221;custom_css_classes&#8221;:&#8221;&#8221;,&#8221;custom_css_styles&#8221;:&#8221;&#8221;,&#8221;rows&#8221;:[{&#8220;component&#8221;:&#8221;repeater_item&#8221;,&#8221;id&#8221;:&#8221;LRrEU&#8221;,&#8221;title&#8221;:&#8221;Legrand D45 intercom Bayisi&#8221;,&#8221;subtitle&#8221;:&#8221;&#8221;,&#8221;content&#8221;:&#8221;Yetkili servisi oldu\u011fumuz Btcino  D45 kolunun ayn\u0131 zamanda Bursa&#8217;da Yetkili Bayisi olduk.&#8221;,&#8221;position&#8221;:&#8221;&#8221;,&#8221;date&#8221;:&#8221;2020&#8243;,&#8221;date_subtitle&#8221;:&#8221;15 Ocak 2020&#8243;},{&#8220;component&#8221;:&#8221;repeater_item&#8221;,&#8221;id&#8221;:&#8221;yZSG9&#8243;,&#8221;title&#8221;:&#8221;\u00c7e\u015fitli Fabrika Tesisat\u0131&#8221;,&#8221;subtitle&#8221;:&#8221;&#8221;,&#8221;content&#8221;:&#8221;Konyal\u0131lar Tekstilin Barakfakih ve Kestel&#8217;deki iki fabrikas\u0131n\u0131 ve Alya Tekstilin  Do\u011fank\u00f6y&#8217;de ki  fabrikas\u0131n\u0131n komple tesisat\u0131n\u0131 yapt\u0131k.&#8221;,&#8221;position&#8221;:&#8221;right&#8221;,&#8221;date&#8221;:&#8221;2019&#8243;,&#8221;date_subtitle&#8221;:&#8221;8 Temmuz 2019&#8243;},{&#8220;component&#8221;:&#8221;repeater_item&#8221;,&#8221;id&#8221;:&#8221;iKDTS&#8221;,&#8221;title&#8221;:&#8221;Legrand Btcino D45 \u0130ntercom Servisi&#8221;,&#8221;subtitle&#8221;:&#8221;Yetkili Servis&#8221;,&#8221;content&#8221;:&#8221;Btcino D45 Yetkilli Servisi olduk. &#8220;,&#8221;position&#8221;:&#8221;&#8221;,&#8221;date&#8221;:&#8221;2016&#8243;,&#8221;date_subtitle&#8221;:&#8221;9 Ocak 2016&#8243;},{&#8220;component&#8221;:&#8221;repeater_item&#8221;,&#8221;id&#8221;:&#8221;zihwX&#8221;,&#8221;title&#8221;:&#8221;\u015eeker Bank &#8220;,&#8221;subtitle&#8221;:&#8221;\u015eubelerin Komple Elektrik Tesisatlar\u0131&#8221;,&#8221;content&#8221;:&#8221;\u015eeker Bank \u015fubelerinin t\u00fcm elektrik tesisatlar\u0131n\u0131 yapt\u0131k.&#8221;,&#8221;position&#8221;:&#8221;right&#8221;,&#8221;date&#8221;:&#8221;2014&#8243;,&#8221;date_subtitle&#8221;:&#8221;15 A\u011fustos 2014&#8243;},{&#8220;component&#8221;:&#8221;repeater_item&#8221;,&#8221;id&#8221;:&#8221;Qa8kN&#8221;,&#8221;title&#8221;:&#8221;T\u00dcV T\u00fcrk&#8221;,&#8221;subtitle&#8221;:&#8221;&#8221;,&#8221;content&#8221;:&#8221;T\u00dcV T\u00fcrk&#8217;\u00fcn Bursa&#8217;da ayl\u0131k periyodik bak\u0131mlar\u0131n\u0131 yapt\u0131k. T\u00fcrkiye genelinde 10&#8217;dan fazla kompanzasyon ar\u0131zalar\u0131n\u0131 giderdik.&#8221;,&#8221;position&#8221;:&#8221;&#8221;,&#8221;date&#8221;:&#8221;2013&#8243;,&#8221;date_subtitle&#8221;:&#8221;11 Haziran 2013&#8243;},{&#8220;component&#8221;:&#8221;repeater_item&#8221;,&#8221;id&#8221;:&#8221;kpsH4&#8243;,&#8221;title&#8221;:&#8221;Elmasbah\u00e7eler&#8221;,&#8221;subtitle&#8221;:&#8221;Yeni yerimize ta\u015f\u0131nd\u0131k&#8221;,&#8221;content&#8221;:&#8221;B\u00fcy\u00fcyen i\u015f potansiyelimizi daha da geli\u015ftirmek i\u00e7in yeni yerimize ta\u015f\u0131nd\u0131k.&#8221;,&#8221;position&#8221;:&#8221;right&#8221;,&#8221;date&#8221;:&#8221;2006&#8243;,&#8221;date_subtitle&#8221;:&#8221;07 Nisan 2006&#8243;},{&#8220;component&#8221;:&#8221;repeater_item&#8221;,&#8221;id&#8221;:&#8221;lz3vP&#8221;,&#8221;title&#8221;:&#8221;HSBC Bankas\u0131 &#8220;,&#8221;subtitle&#8221;:&#8221;HSBC Bankas\u0131 Bak\u0131mlar\u0131&#8221;,&#8221;content&#8221;:&#8221;HSBC Bankalar\u0131n\u0131n \u015fube ve atmlerinin ayl\u0131k periyodik bak\u0131mlar\u0131n\u0131 yapmaya ba\u015flad\u0131k.&#8221;,&#8221;position&#8221;:&#8221;&#8221;,&#8221;date&#8221;:&#8221;1999&#8243;,&#8221;date_subtitle&#8221;:&#8221;25 Mart 1999&#8243;},{&#8220;component&#8221;:&#8221;repeater_item&#8221;,&#8221;id&#8221;:&#8221;rgCfn&#8221;,&#8221;title&#8221;:&#8221;Prestij Sinemalar\u0131&#8221;,&#8221;subtitle&#8221;:&#8221;&#8221;,&#8221;content&#8221;:&#8221;Prestij sinemalar\u0131 ad\u0131na 23 sinema salonu, 2 bowling salonu yapt\u0131k.&#8221;,&#8221;position&#8221;:&#8221;right&#8221;,&#8221;date&#8221;:&#8221;1997&#8243;,&#8221;date_subtitle&#8221;:&#8221;10 Ekim 1997&#8243;},{&#8220;component&#8221;:&#8221;repeater_item&#8221;,&#8221;id&#8221;:&#8221;UMPBU&#8221;,&#8221;title&#8221;:&#8221;Kurulu\u015f&#8221;,&#8221;subtitle&#8221;:&#8221;\u0130ncirli Caddesi&#8221;,&#8221;content&#8221;:&#8221;Cemil Baksoy taraf\u0131ndan kurulan Paksoy Elektrik ticaret hayat\u0131na ba\u015flam\u0131\u015ft\u0131r.&#8221;,&#8221;position&#8221;:&#8221;&#8221;,&#8221;date&#8221;:&#8221;1995&#8243;,&#8221;date_subtitle&#8221;:&#8221;15 Aral\u0131k 1995&#8243;}]}]},{&#8220;component&#8221;:&#8221;hc_column&#8221;,&#8221;id&#8221;:&#8221;column_9oRSt&#8221;,&#8221;column_width&#8221;:&#8221;col-md-4&#8243;,&#8221;animation&#8221;:&#8221;&#8221;,&#8221;animation_time&#8221;:&#8221;&#8221;,&#8221;timeline_animation&#8221;:&#8221;&#8221;,&#8221;timeline_delay&#8221;:&#8221;&#8221;,&#8221;timeline_order&#8221;:&#8221;&#8221;,&#8221;css_classes&#8221;:&#8221;&#8221;,&#8221;custom_css_classes&#8221;:&#8221;&#8221;,&#8221;custom_css_styles&#8221;:&#8221;&#8221;,&#8221;main_content&#8221;:[]}],&#8221;section_settings&#8221;:&#8221;&#8221;},&#8221;scripts&#8221;:{&#8220;components&#8221;:&#8221;jquery.tab-accordion.js&#8221;},&#8221;css&#8221;:{&#8220;components&#8221;:&#8221;css\/components.css&#8221;},&#8221;css_page&#8221;:&#8221;&#8221;,&#8221;template_setting&#8221;:{&#8220;settings&#8221;:{&#8220;id&#8221;:&#8221;settings&#8221;}},&#8221;template_setting_top&#8221;:{},&#8221;page_setting&#8221;:{&#8220;settings&#8221;:[&#8220;lock-mode-off&#8221;]}}<\/p>\n","protected":false},"excerpt":{"rendered":"<p>{&#8220;main-title&#8221;:{&#8220;component&#8221;:&#8221;hc_title&#8221;,&#8221;id&#8221;:&#8221;main-title&#8221;,&#8221;title&#8221;:&#8221;About us three&#8221;,&#8221;subtitle&#8221;:&#8221;&#8221;,&#8221;title_content&#8221;:{&#8220;component&#8221;:&#8221;hc_title_video&#8221;,&#8221;id&#8221;:&#8221;title-video&#8221;,&#8221;video&#8221;:&#8221;http:\/\/paksoyelektrik.com.tr\/wp-content\/uploads\/2021\/05\/ledler.mp4&#8243;,&#8221;image&#8221;:&#8221;http:\/\/themes.framework-y.com\/demo-import\/signflow\/2018\/01\/video-poster-1024&#215;573.jpg|939|1679|42&#8243;,&#8221;full_screen&#8221;:false,&#8221;full_screen_height&#8221;:&#8221;&#8221;,&#8221;parallax&#8221;:false,&#8221;overlay&#8221;:&#8221;&#8221;,&#8221;breadcrumbs&#8221;:false,&#8221;white&#8221;:true}},&#8221;section_5ZtkF&#8221;:{&#8220;component&#8221;:&#8221;hc_section&#8221;,&#8221;id&#8221;:&#8221;section_5ZtkF&#8221;,&#8221;section_width&#8221;:&#8221;&#8221;,&#8221;animation&#8221;:&#8221;&#8221;,&#8221;animation_time&#8221;:&#8221;&#8221;,&#8221;timeline_animation&#8221;:&#8221;&#8221;,&#8221;timeline_delay&#8221;:&#8221;&#8221;,&#8221;timeline_order&#8221;:&#8221;&#8221;,&#8221;vertical_row&#8221;:&#8221;&#8221;,&#8221;box_middle&#8221;:&#8221;&#8221;,&#8221;css_classes&#8221;:&#8221;&#8221;,&#8221;custom_css_classes&#8221;:&#8221;&#8221;,&#8221;custom_css_styles&#8221;:&#8221;&#8221;,&#8221;section_content&#8221;:[{&#8220;component&#8221;:&#8221;hc_column&#8221;,&#8221;id&#8221;:&#8221;column_Rcv6g&#8221;,&#8221;column_width&#8221;:&#8221;col-md-6&#8243;,&#8221;animation&#8221;:&#8221;&#8221;,&#8221;animation_time&#8221;:&#8221;&#8221;,&#8221;timeline_animation&#8221;:&#8221;&#8221;,&#8221;timeline_delay&#8221;:&#8221;&#8221;,&#8221;timeline_order&#8221;:&#8221;&#8221;,&#8221;css_classes&#8221;:&#8221;&#8221;,&#8221;custom_css_classes&#8221;:&#8221;&#8221;,&#8221;custom_css_styles&#8221;:&#8221;&#8221;,&#8221;main_content&#8221;:[{&#8220;component&#8221;:&#8221;hc_text_block&#8221;,&#8221;id&#8221;:&#8221;MBJa9&#8243;,&#8221;css_classes&#8221;:&#8221;&#8221;,&#8221;custom_css_classes&#8221;:&#8221;&#8221;,&#8221;custom_css_styles&#8221;:&#8221;&#8221;,&#8221;content&#8221;:&#8221;Firmam\u0131z 1995 y\u0131l\u0131nda Bursa\u2019da kurulmu\u015ftur. Kuruldu\u011fumuz g\u00fcnden bu g\u00fcne Bursa\u2019n\u0131n yan\u0131 s\u0131ra T\u00fcrkiye\u2019nin de bir \u00e7ok \u015fehrinde siz de\u011ferli m\u00fc\u015fterilerimize en iyi hizmeti sunmak 25 senedir ilk hedefimiz olmu\u015ftur. Yenilik\u00e7i, ayn\u0131 zamanda tecr\u00fcbeli kadromuz ile kaba i\u015f\u00e7ili\u011fin yan\u0131 s\u0131ra \u00e7a\u011f\u0131m\u0131z\u0131n son teknoloji \u00fcr\u00fcnlerini de en h\u0131zl\u0131 \u015fekilde hizmetinize sunmak i\u00e7in elimizden geleni yap\u0131yoruz.\\nTesisat [&hellip;]<\/p>\n","protected":false},"author":1,"featured_media":0,"parent":0,"menu_order":0,"comment_status":"closed","ping_status":"closed","template":"","meta":[],"_links":{"self":[{"href":"https:\/\/paksoyelektrik.com.tr\/index.php?rest_route=\/wp\/v2\/pages\/336"}],"collection":[{"href":"https:\/\/paksoyelektrik.com.tr\/index.php?rest_route=\/wp\/v2\/pages"}],"about":[{"href":"https:\/\/paksoyelektrik.com.tr\/index.php?rest_route=\/wp\/v2\/types\/page"}],"author":[{"embeddable":true,"href":"https:\/\/paksoyelektrik.com.tr\/index.php?rest_route=\/wp\/v2\/users\/1"}],"replies":[{"embeddable":true,"href":"https:\/\/paksoyelektrik.com.tr\/index.php?rest_route=%2Fwp%2Fv2%2Fcomments&post=336"}],"version-history":[{"count":47,"href":"https:\/\/paksoyelektrik.com.tr\/index.php?rest_route=\/wp\/v2\/pages\/336\/revisions"}],"predecessor-version":[{"id":999956426,"href":"https:\/\/paksoyelektrik.com.tr\/index.php?rest_route=\/wp\/v2\/pages\/336\/revisions\/999956426"}],"wp:attachment":[{"href":"https:\/\/paksoyelektrik.com.tr\/index.php?rest_route=%2Fwp%2Fv2%2Fmedia&parent=336"}],"curies":[{"name":"wp","href":"https:\/\/api.w.org\/{rel}","templated":true}]}}